{"id":47295,"date":"2021-12-08T00:49:53","date_gmt":"2021-12-08T00:49:53","guid":{"rendered":"https:\/\/www.realestate-in-uruguay.com\/uruguay-immobilien\/"},"modified":"2022-03-02T05:25:49","modified_gmt":"2022-03-02T13:25:49","slug":"uruguay-immobilien","status":"publish","type":"page","link":"https:\/\/www.realestate-in-uruguay.com\/de\/uruguay-immobilien\/","title":{"rendered":"Uruguay Immobilien"},"content":{"rendered":"<p>Aufgrund des schnell wachsenden K\u00fcstenimmobilienmarktes war die Suche nach Ihrem Traum-Zweit- oder -Ferienhaus in Uruguay noch nie so verlockend. Aber obwohl es viele qualifizierte Immobilienunternehmen gibt, die beliebte Ziele bedienen &#8211; wie <a href=\"https:\/\/www.realestate-in-uruguay.com\/de\/alle-ortschaften\/punta-del-este\/\" target=\"_blank\" rel=\"noopener noreferrer\">Punta Del Este<\/a>, <a href=\"https:\/\/www.realestate-in-uruguay.com\/de\/alle-ortschaften\/montevideo\/\" target=\"_blank\" rel=\"noopener noreferrer\">Montevideo<\/a> und <a href=\"https:\/\/www.realestate-in-uruguay.com\/de\/alle-ortschaften\/jose-ignacio\/\" target=\"_blank\" rel=\"noopener noreferrer\">Jose Ignacio<\/a> -, haben nur wenige von ihnen versucht, die Erwartungen zu \u00fcbertreffen und sich auf die Deutsch und Englisch sprechende Kundschaft zu konzentrieren. Das Haverkate-Team von Engel &amp; Voelkers, Punta Del Este, ist spezialisiert auf Uruguay Immobilien f\u00fcr internationale K\u00e4ufer und Investoren, insbesondere aus den USA und Europa. Als ausgewiesene Experten f\u00fcr moderne Architektur sind wir Ihre beste Quelle f\u00fcr die besten Wohn-, Ferien- und Anlageimmobilien, die heute zum Verkauf stehen.<\/p>\n<p>Die verf\u00fcgbare Auswahl an Uruguay Immobilien bietet die M\u00f6glichkeit, in eine Destination zu investieren, die \u00fcppiges, unber\u00fchrtes Terrain mit einer sich schnell entwickelnden Wirtschaft und Infrastruktur perfekt verbindet. In wohlhabenden St\u00e4dten wie Montevideo, der Hauptstadt Uruguays, sind die Residenzen von erstklassigen lokalen Gesch\u00e4ften und Kultur umgeben. Ein Haus in Punta Del Este wird Sie mit seinen sch\u00f6nen Str\u00e4nden, dem direkten Zugang zum Wasser und einem umfassenden Angebot an Gesch\u00e4ften begeistern. Die Stadt Jose Ignacio bietet auch eine wunderbare K\u00fcstenumgebung und eine unverwechselbare Lebensweise, die Hollywoods Prominente verzaubert hat. Das Haverkate-Team von Engel &amp; Voelkers, Punta Del Este, f\u00fchrt Sie gerne durch die beliebtesten Ortschaften, um das f\u00fcr Sie passende Zuhause zu finden.<\/p>\n<p>&nbsp;<\/p>\n<h2>Uruguay Immobilien<\/h2>\n<p>&nbsp;<\/p>\n<p>Team Haverkate bei ENGEL &amp; VOELKERS, Punta Del Este ist eine Voll-Service-Immobilienfirma, die mit Kunden aus der ganzen Welt zusammenarbeitet, um Ihre ideale Immobilie in Uruguay zu finden. Internationale K\u00e4ufer aus Europa und Nordamerika k\u00f6nnen insbesondere einen Service in Anspruch nehmen, der Ihre spezifischen Bed\u00fcrfnisse, Ziele und Sprachen versteht und ber\u00fccksichtigt und alle lokalen Voraussetzungen und Verpflichtungen zur Sicherung einer Immobilie innerhalb des gew\u00fcnschten Budgets und Zeitrahmens \u00fcbernimmt.<\/p>\n<p>Team Haverkate bei ENGEL &amp; VOELKERS ist spezialisiert auf die Vertretung internationaler K\u00e4ufer Kundschaft und kann bei jeder Immobilien Transaktion in Uruguay helfen. Wir arbeiten seit \u00fcber 15 Jahren als lizenzierte und erfahrene Immobilien Spezialisten, die Englisch, Deutsch, Franz\u00f6sisch und Holl\u00e4ndisch sprechen. Wir k\u00f6nnen Sie von Anfang bis Ende Ihrer Transaktion begleiten und auf alle Ihre Interessen eingehen, egal wer der Verkaufsmakler, Verk\u00e4ufer oder die Webseite ist. Im Gegensatz zu den meisten anderen Maklern in Uruguay, vertreten wir nie beide Parteien, sondern nur die K\u00e4uferseite, um einen Interessenkonflikt zu vermeiden. Bitte informieren Sie sich hier \u00fcber die <a href=\"https:\/\/www.realestate-in-uruguay.com\/?page_id=21368&amp;lang=de&amp;preview=true\" target=\"_blank\" rel=\"noopener noreferrer\">Probleme mit einer sogenannten &#8222;Dual Agency&#8220;.<\/a><\/p>\n<p>Verlassen Sie sich auf einen Partner, der Ihnen zuh\u00f6rt und auf Ihre Bed\u00fcrfnisse achtet, Ihre Sprache spricht, ehrliche Antworten gibt, Ihre Interessen vertritt, Ihnen Zugang zum gesamten Markt verschafft und versucht, Ihre W\u00fcnsche mit der entsprechenden Immobilie abzustimmen.<\/p>\n<p>TEAM HAVERKATE ist auch stolz darauf, seinen Kunden eine pers\u00f6nliche Betreuung und den Service zu bieten, den sie ben\u00f6tigen, um eine wichtige Entscheidung zu treffen, wie z.B. den<br \/>\nKauf einer Immobilie im Ausland.<\/p>\n<p>Wir haben mehr Immobilien in unserem Portfolio, als unsere Webseite anzeigt. Einige Hausbesitzer ziehen es jedoch vor, ihre Immobilie nicht ver\u00f6ffentlicht anzubieten. Lassen Sie uns wissen, was Sie suchen. Wir werden es finden und mit Motivation und Kompetenz alle Ihre W\u00fcnsche bearbeiten.<\/p>\n<p>F\u00fcr weitere Informationen \u00fcber Uruguay Immobilien kontaktieren Sie bitte heute einen Vertreter des Team Haverkate bei Engel &amp; Voelkers, Punta Del Este.<\/p>\n","protected":false},"excerpt":{"rendered":"<p>Aufgrund des schnell wachsenden K\u00fcstenimmobilienmarktes war die Suche nach Ihrem Traum-Zweit- oder -Ferienhaus in Uruguay noch nie so verlockend. Aber obwohl es viele qualifizierte Immobilienunternehmen gibt, die beliebte Ziele bedienen&#8230;<\/p>\n","protected":false},"author":3,"featured_media":0,"parent":0,"menu_order":0,"comment_status":"open","ping_status":"open","template":"","meta":{"_yoast_wpseo_title":"Uruguay Immobilien | Immobilien in Uruguay","_yoast_wpseo_metadesc":"Team Haverkate bei ENGEL & VOELKERS ist eine Deutsch sprachige Voll-Service-agentur um problemlos Ihre ideale Uruguay Immobilien zu finden.","_eb_attr":"","_crdt_document":"","footnotes":""},"class_list":["post-47295","page","type-page","status-publish","hentry"],"listing_owner_name":null,"property_bbq_parrilla":null,"_yoast_wpseo_metadesc":"Team Haverkate bei ENGEL & VOELKERS ist eine Deutsch sprachige Voll-Service-agentur um problemlos Ihre ideale Uruguay Immobilien zu finden.","_yoast_wpseo_title":"Uruguay Immobilien | Immobilien in Uruguay","listing_gallery":null,"property_address_coordinates":null,"property_address_country":null,"property_address_display":null,"property_address_postal_code":null,"property_address_state":null,"property_address_street":null,"property_address_street_number":null,"property_address_suburb":null,"property_authority":null,"property_building_area":null,"property_building_area_unit":null,"property_land_area":null,"property_land_area_unit":null,"property_list_date":null,"property_price":null,"property_price_display":null,"property_price_view":null,"property_status":null,"property_unique_id":null,"property_air_conditioning":null,"property_balcony":null,"property_bathrooms":null,"property_bedrooms":null,"property_carport":null,"property_garage":null,"property_gym":null,"property_open_fire_place":null,"property_pool":null,"property_security_system":null,"property_tennis_court":null,"yoast_head":"<!-- This site is optimized with the Yoast SEO Premium plugin v26.6 (Yoast SEO v27.5) - https:\/\/yoast.com\/product\/yoast-seo-premium-wordpress\/ -->\n<title>Uruguay Immobilien | Immobilien in Uruguay<\/title>\n<meta name=\"description\" content=\"Team Haverkate bei ENGEL &amp; VOELKERS ist eine Deutsch sprachige Voll-Service-agentur um problemlos Ihre ideale Uruguay Immobilien zu finden.\" \/>\n<meta name=\"robots\" content=\"index, follow, max-snippet:-1, max-image-preview:large, max-video-preview:-1\" \/>\n<link rel=\"canonical\" href=\"https:\/\/www.realestate-in-uruguay.com\/de\/uruguay-immobilien\/\" \/>\n<meta property=\"og:locale\" content=\"de_DE\" \/>\n<meta property=\"og:type\" content=\"article\" \/>\n<meta property=\"og:title\" content=\"Uruguay Immobilien | Immobilien in Uruguay\" \/>\n<meta property=\"og:description\" content=\"Team Haverkate bei ENGEL &amp; VOELKERS ist eine Deutsch sprachige Voll-Service-agentur um problemlos Ihre ideale Uruguay Immobilien zu finden.\" \/>\n<meta property=\"og:url\" content=\"https:\/\/www.realestate-in-uruguay.com\/de\/uruguay-immobilien\/\" \/>\n<meta property=\"og:site_name\" content=\"Real Estate in Uruguay\" \/>\n<meta property=\"article:publisher\" content=\"http:\/\/www.facebook.com\/ralph.haverkate\" \/>\n<meta property=\"article:modified_time\" content=\"2022-03-02T13:25:49+00:00\" \/>\n<meta property=\"og:image\" content=\"https:\/\/www.realestate-in-uruguay.com\/wp-content\/uploads\/2015\/06\/default-facebook.jpg\" \/>\n\t<meta property=\"og:image:width\" content=\"1200\" \/>\n\t<meta property=\"og:image:height\" content=\"1200\" \/>\n\t<meta property=\"og:image:type\" content=\"image\/jpeg\" \/>\n<meta name=\"twitter:card\" content=\"summary_large_image\" \/>\n<meta name=\"twitter:site\" content=\"@rhaverkate\" \/>\n<meta name=\"twitter:label1\" content=\"Gesch\u00e4tzte Lesezeit\" \/>\n\t<meta name=\"twitter:data1\" content=\"3\u00a0Minuten\" \/>\n<script type=\"application\/ld+json\" class=\"yoast-schema-graph\">{\"@context\":\"https:\\\/\\\/schema.org\",\"@graph\":[{\"@type\":\"WebPage\",\"@id\":\"https:\\\/\\\/www.realestate-in-uruguay.com\\\/de\\\/uruguay-immobilien\\\/\",\"url\":\"https:\\\/\\\/www.realestate-in-uruguay.com\\\/de\\\/uruguay-immobilien\\\/\",\"name\":\"Uruguay Immobilien | Immobilien in Uruguay\",\"isPartOf\":{\"@id\":\"https:\\\/\\\/www.realestate-in-uruguay.com\\\/de\\\/#website\"},\"datePublished\":\"2021-12-08T00:49:53+00:00\",\"dateModified\":\"2022-03-02T13:25:49+00:00\",\"description\":\"Team Haverkate bei ENGEL & VOELKERS ist eine Deutsch sprachige Voll-Service-agentur um problemlos Ihre ideale Uruguay Immobilien zu finden.\",\"breadcrumb\":{\"@id\":\"https:\\\/\\\/www.realestate-in-uruguay.com\\\/de\\\/uruguay-immobilien\\\/#breadcrumb\"},\"inLanguage\":\"de\",\"potentialAction\":[{\"@type\":\"ReadAction\",\"target\":[\"https:\\\/\\\/www.realestate-in-uruguay.com\\\/de\\\/uruguay-immobilien\\\/\"]}]},{\"@type\":\"BreadcrumbList\",\"@id\":\"https:\\\/\\\/www.realestate-in-uruguay.com\\\/de\\\/uruguay-immobilien\\\/#breadcrumb\",\"itemListElement\":[{\"@type\":\"ListItem\",\"position\":1,\"name\":\"Home\",\"item\":\"https:\\\/\\\/www.realestate-in-uruguay.com\\\/de\\\/\"},{\"@type\":\"ListItem\",\"position\":2,\"name\":\"Uruguay Immobilien\"}]},{\"@type\":\"WebSite\",\"@id\":\"https:\\\/\\\/www.realestate-in-uruguay.com\\\/de\\\/#website\",\"url\":\"https:\\\/\\\/www.realestate-in-uruguay.com\\\/de\\\/\",\"name\":\"Real Estate in Uruguay\",\"description\":\"The Haverkate Team at Engel &amp; Volkers\",\"publisher\":{\"@id\":\"https:\\\/\\\/www.realestate-in-uruguay.com\\\/de\\\/#organization\"},\"alternateName\":\"Real Estate Uruguay\",\"potentialAction\":[{\"@type\":\"SearchAction\",\"target\":{\"@type\":\"EntryPoint\",\"urlTemplate\":\"https:\\\/\\\/www.realestate-in-uruguay.com\\\/de\\\/?s={search_term_string}\"},\"query-input\":{\"@type\":\"PropertyValueSpecification\",\"valueRequired\":true,\"valueName\":\"search_term_string\"}}],\"inLanguage\":\"de\"},{\"@type\":\"RealEstateAgent\",\"@id\":\"https:\\\/\\\/www.realestate-in-uruguay.com\\\/de\\\/#organization\",\"name\":\"Real Estate in Uruguay\",\"alternateName\":\"Team Haverkate\",\"url\":\"https:\\\/\\\/www.realestate-in-uruguay.com\\\/de\\\/\",\"logo\":{\"@type\":\"ImageObject\",\"inLanguage\":\"de\",\"@id\":\"https:\\\/\\\/www.realestate-in-uruguay.com\\\/de\\\/#\\\/schema\\\/logo\\\/image\\\/\",\"url\":\"https:\\\/\\\/www.realestate-in-uruguay.com\\\/wp-content\\\/uploads\\\/2023\\\/05\\\/Favicon-Team-Haverkate.jpg\",\"contentUrl\":\"https:\\\/\\\/www.realestate-in-uruguay.com\\\/wp-content\\\/uploads\\\/2023\\\/05\\\/Favicon-Team-Haverkate.jpg\",\"width\":200,\"height\":200,\"caption\":\"Real Estate in Uruguay\"},\"image\":{\"@id\":\"https:\\\/\\\/www.realestate-in-uruguay.com\\\/de\\\/#\\\/schema\\\/logo\\\/image\\\/\"},\"sameAs\":[\"http:\\\/\\\/www.facebook.com\\\/ralph.haverkate\",\"https:\\\/\\\/x.com\\\/rhaverkate\",\"https:\\\/\\\/www.linkedin.com\\\/in\\\/ralphhaverkate\",\"http:\\\/\\\/pinterest.com\\\/uruguaymodern\\\/\"],\"telephone\":\"+598 94 299 200\",\"email\":\"bettina@realestate-in-uruguay.com\",\"priceRange\":\"$$$\",\"address\":{\"@type\":\"PostalAddress\",\"streetAddress\":\"Ruta 10, KM161, Esquina Las Brisas\",\"addressLocality\":\"La Barra\",\"addressRegion\":\"Maldonado\",\"postalCode\":\"20001\",\"addressCountry\":\"UY\"}}]}<\/script>\n<!-- \/ Yoast SEO Premium plugin. -->","yoast_head_json":{"title":"Uruguay Immobilien | Immobilien in Uruguay","description":"Team Haverkate bei ENGEL & VOELKERS ist eine Deutsch sprachige Voll-Service-agentur um problemlos Ihre ideale Uruguay Immobilien zu finden.","robots":{"index":"index","follow":"follow","max-snippet":"max-snippet:-1","max-image-preview":"max-image-preview:large","max-video-preview":"max-video-preview:-1"},"canonical":"https:\/\/www.realestate-in-uruguay.com\/de\/uruguay-immobilien\/","og_locale":"de_DE","og_type":"article","og_title":"Uruguay Immobilien | Immobilien in Uruguay","og_description":"Team Haverkate bei ENGEL & VOELKERS ist eine Deutsch sprachige Voll-Service-agentur um problemlos Ihre ideale Uruguay Immobilien zu finden.","og_url":"https:\/\/www.realestate-in-uruguay.com\/de\/uruguay-immobilien\/","og_site_name":"Real Estate in Uruguay","article_publisher":"http:\/\/www.facebook.com\/ralph.haverkate","article_modified_time":"2022-03-02T13:25:49+00:00","og_image":[{"width":1200,"height":1200,"url":"https:\/\/www.realestate-in-uruguay.com\/wp-content\/uploads\/2015\/06\/default-facebook.jpg","type":"image\/jpeg"}],"twitter_card":"summary_large_image","twitter_site":"@rhaverkate","twitter_misc":{"Gesch\u00e4tzte Lesezeit":"3\u00a0Minuten"},"schema":{"@context":"https:\/\/schema.org","@graph":[{"@type":"WebPage","@id":"https:\/\/www.realestate-in-uruguay.com\/de\/uruguay-immobilien\/","url":"https:\/\/www.realestate-in-uruguay.com\/de\/uruguay-immobilien\/","name":"Uruguay Immobilien | Immobilien in Uruguay","isPartOf":{"@id":"https:\/\/www.realestate-in-uruguay.com\/de\/#website"},"datePublished":"2021-12-08T00:49:53+00:00","dateModified":"2022-03-02T13:25:49+00:00","description":"Team Haverkate bei ENGEL & VOELKERS ist eine Deutsch sprachige Voll-Service-agentur um problemlos Ihre ideale Uruguay Immobilien zu finden.","breadcrumb":{"@id":"https:\/\/www.realestate-in-uruguay.com\/de\/uruguay-immobilien\/#breadcrumb"},"inLanguage":"de","potentialAction":[{"@type":"ReadAction","target":["https:\/\/www.realestate-in-uruguay.com\/de\/uruguay-immobilien\/"]}]},{"@type":"BreadcrumbList","@id":"https:\/\/www.realestate-in-uruguay.com\/de\/uruguay-immobilien\/#breadcrumb","itemListElement":[{"@type":"ListItem","position":1,"name":"Home","item":"https:\/\/www.realestate-in-uruguay.com\/de\/"},{"@type":"ListItem","position":2,"name":"Uruguay Immobilien"}]},{"@type":"WebSite","@id":"https:\/\/www.realestate-in-uruguay.com\/de\/#website","url":"https:\/\/www.realestate-in-uruguay.com\/de\/","name":"Real Estate in Uruguay","description":"The Haverkate Team at Engel &amp; Volkers","publisher":{"@id":"https:\/\/www.realestate-in-uruguay.com\/de\/#organization"},"alternateName":"Real Estate Uruguay","potentialAction":[{"@type":"SearchAction","target":{"@type":"EntryPoint","urlTemplate":"https:\/\/www.realestate-in-uruguay.com\/de\/?s={search_term_string}"},"query-input":{"@type":"PropertyValueSpecification","valueRequired":true,"valueName":"search_term_string"}}],"inLanguage":"de"},{"@type":"RealEstateAgent","@id":"https:\/\/www.realestate-in-uruguay.com\/de\/#organization","name":"Real Estate in Uruguay","alternateName":"Team Haverkate","url":"https:\/\/www.realestate-in-uruguay.com\/de\/","logo":{"@type":"ImageObject","inLanguage":"de","@id":"https:\/\/www.realestate-in-uruguay.com\/de\/#\/schema\/logo\/image\/","url":"https:\/\/www.realestate-in-uruguay.com\/wp-content\/uploads\/2023\/05\/Favicon-Team-Haverkate.jpg","contentUrl":"https:\/\/www.realestate-in-uruguay.com\/wp-content\/uploads\/2023\/05\/Favicon-Team-Haverkate.jpg","width":200,"height":200,"caption":"Real Estate in Uruguay"},"image":{"@id":"https:\/\/www.realestate-in-uruguay.com\/de\/#\/schema\/logo\/image\/"},"sameAs":["http:\/\/www.facebook.com\/ralph.haverkate","https:\/\/x.com\/rhaverkate","https:\/\/www.linkedin.com\/in\/ralphhaverkate","http:\/\/pinterest.com\/uruguaymodern\/"],"telephone":"+598 94 299 200","email":"bettina@realestate-in-uruguay.com","priceRange":"$$$","address":{"@type":"PostalAddress","streetAddress":"Ruta 10, KM161, Esquina Las Brisas","addressLocality":"La Barra","addressRegion":"Maldonado","postalCode":"20001","addressCountry":"UY"}}]}},"jetpack_sharing_enabled":true,"_links":{"self":[{"href":"https:\/\/www.realestate-in-uruguay.com\/de\/wp-json\/wp\/v2\/pages\/47295","targetHints":{"allow":["GET"]}}],"collection":[{"href":"https:\/\/www.realestate-in-uruguay.com\/de\/wp-json\/wp\/v2\/pages"}],"about":[{"href":"https:\/\/www.realestate-in-uruguay.com\/de\/wp-json\/wp\/v2\/types\/page"}],"author":[{"embeddable":true,"href":"https:\/\/www.realestate-in-uruguay.com\/de\/wp-json\/wp\/v2\/users\/3"}],"replies":[{"embeddable":true,"href":"https:\/\/www.realestate-in-uruguay.com\/de\/wp-json\/wp\/v2\/comments?post=47295"}],"version-history":[{"count":0,"href":"https:\/\/www.realestate-in-uruguay.com\/de\/wp-json\/wp\/v2\/pages\/47295\/revisions"}],"wp:attachment":[{"href":"https:\/\/www.realestate-in-uruguay.com\/de\/wp-json\/wp\/v2\/media?parent=47295"}],"curies":[{"name":"wp","href":"https:\/\/api.w.org\/{rel}","templated":true}]}}