{"id":47334,"date":"2021-10-15T22:31:45","date_gmt":"2021-10-16T05:31:45","guid":{"rendered":"https:\/\/www.realestate-in-uruguay.com\/unsere-makler-vom-team-haverkate\/"},"modified":"2025-06-09T12:11:09","modified_gmt":"2025-06-09T19:11:09","slug":"unsere-makler-vom-team-haverkate","status":"publish","type":"page","link":"https:\/\/www.realestate-in-uruguay.com\/de\/unsere-makler-vom-team-haverkate\/","title":{"rendered":"Treffen Sie unsere Agenten bei Team Haverkate"},"content":{"rendered":"\n<div class=\"wp-block-group heading-line\"><div class=\"wp-block-group__inner-container is-layout-flow wp-block-group-is-layout-flow\">\n<div class=\"wp-block-group uk-container uk-container-xlarge\"><div class=\"wp-block-group__inner-container is-layout-flow wp-block-group-is-layout-flow\">\n<h2 class=\"wp-block-heading\" id=\"h-passion-for-real-estate-architecture-art-and-design-reputation-for-service\"><strong>Leidenschaft f\u00fcr Immobilien, Architektur, Kunst und Design \u2013 Reputation f\u00fcr Service.<\/strong><\/h2>\n<\/div><\/div>\n<\/div><\/div>\n\n<p class=\"wp-block-paragraph\">Lernen Sie unsere Agenten Bettina und Ralph vom Team Haverkate kennen, die sich auf Immobilien in Uruguay spezialisiert haben und eine Vielzahl verschiedener Immobilientypen und personalisierte Dienstleistungen anbieten.<\/p>\n\n<p class=\"wp-block-paragraph\">Nach langj\u00e4hriger Betreuung internationaler K\u00e4ufer in S\u00fcdkalifornien seit 2003 brachte unser Team 2012 Einblick, Erfahrung und Erfolg nach Uruguay. Bettina und Ralph vom Team Haverkate bieten das Kaliber an lokalen Ressourcen, professionellen Dienstleistungen und pers\u00f6nlicher Aufmerksamkeit, die ein ausl\u00e4ndischer Kunde beim Immobilienkauf in einem fremden Land ben\u00f6tigt. Sie k\u00f6nnen Ihnen pers\u00f6nlich auf Deutsch, Englisch, Franz\u00f6sisch oder Niederl\u00e4ndisch assistieren.<\/p>\n\n<p class=\"wp-block-paragraph\">Uruguay ist voll von unglaublichen historischen und zeitgen\u00f6ssischen Residenzen, modernen luxuri\u00f6sen Strandimmobilien, Penth\u00e4usern und Apartments, die von ber\u00fchmten sowie aufstrebenden jungen Architekten entworfen wurden. Die Zusammenarbeit mit einem internationalen Team von Spezialisten, das \u00fcber Kenntnisse in Architektur, Design und Konstruktion verf\u00fcgt, kann viel mehr \u00fcber den wahren Wert einer Immobilie offenbaren.<\/p>\n\n<div id=\"meet-the-team\" class=\"wp-block-group dark-bg uk-section\"><div class=\"wp-block-group__inner-container is-layout-flow wp-block-group-is-layout-flow\">\n<div class=\"wp-block-group heading-line\"><div class=\"wp-block-group__inner-container is-layout-flow wp-block-group-is-layout-flow\">\n<div class=\"wp-block-group uk-container uk-container-xlarge\"><div class=\"wp-block-group__inner-container is-layout-flow wp-block-group-is-layout-flow\">\n<p class=\"uk-text-uppercase wp-block-paragraph\">Treffen Sie unsere Agenten bei<\/p>\n\n\n\n<h2 class=\"wp-block-heading\" id=\"h-team-haverkate\"><strong>Team Haverkate<\/strong><\/h2>\n<\/div><\/div>\n<\/div><\/div>\n\n\n<div id=\"team-members\" class=\"uk-grid uk-grid-large uk-child-width-1-3@m uk-grid-match uk-margin-medium-top uk-flex-center\"><div class=\"team-member\"><a class=\"uk-position-relative uk-inline-clip\" href=\"https:\/\/www.realestate-in-uruguay.com\/de\/team\/bettina-waldraff\/\"><div class=\"team-member-image uk-margin-bottom\" style=\"background: url(https:\/\/www.realestate-in-uruguay.com\/wp-content\/uploads\/2021\/10\/Bettina-Agent-scaled.jpg);\"><\/div><div class=\"uk-overlay uk-overlay-default uk-position-bottom\"><h3 class=\"uk-margin-remove-bottom\">Bettina Waldraff<\/h3><div class=\"uk-margin-small-top\"><div class=\"uk-button uk-button-link white uk-button-small\">Learn More<\/div><\/div><\/div><\/a><\/div><div class=\"team-member\"><a class=\"uk-position-relative uk-inline-clip\" href=\"https:\/\/www.realestate-in-uruguay.com\/de\/team\/ralph-haverkate\/\"><div class=\"team-member-image uk-margin-bottom\" style=\"background: url(https:\/\/www.realestate-in-uruguay.com\/wp-content\/uploads\/2021\/10\/ralph_haverkate-scaled.jpeg);\"><\/div><div class=\"uk-overlay uk-overlay-default uk-position-bottom\"><h3 class=\"uk-margin-remove-bottom\">Ralph Haverkate<\/h3><div class=\"uk-margin-small-top\"><div class=\"uk-button uk-button-link white uk-button-small\">Learn More<\/div><\/div><\/div><\/a><\/div><\/div>\n<\/div><\/div>\n\n<div class=\"wp-block-group heading-line\"><div class=\"wp-block-group__inner-container is-layout-flow wp-block-group-is-layout-flow\">\n<div class=\"wp-block-group uk-container uk-container-xlarge\"><div class=\"wp-block-group__inner-container is-layout-flow wp-block-group-is-layout-flow\">\n<h3 class=\"wp-block-heading\" id=\"h-team-philosophy\"><strong><meta charset=\"utf-8\"\/>Teamphilosophie<\/strong><\/h3>\n<\/div><\/div>\n<\/div><\/div>\n\n<p class=\"wp-block-paragraph\">Beim Immobilienkauf in Uruguay ist es entscheidend, dass Sie mit einem spezialisierten K\u00e4uferagenten zusammenarbeiten, der Sie ordnungsgem\u00e4\u00df vertreten kann, ohne \u201eDual Agency\u201c auszu\u00fcben. Bitte lesen Sie auf unserer <a href=\"https:\/\/www.realestate-in-uruguay.com\/de\/immobilien-kaufen-in-uruguay\/\">K\u00e4uferseite<\/a> mehr dar\u00fcber, warum Sie einen vertrauensw\u00fcrdigen K\u00e4uferagenten w\u00e4hlen und mit ihm zusammenarbeiten sollten. Stellen Sie au\u00dferdem sicher, dass Sie mit einer registrierten Immobilienfirma zusammenarbeiten, die eine Lizenz der <a href=\"https:\/\/www.gub.uy\/ministerio-turismo\/\">uruguayischen Immobilienvereinigung<\/a> besitzt.   Das Team Haverkate arbeitet unter der Lizenz von Engel &amp; Voelkers in Uruguay.<\/p>\n\n<p class=\"wp-block-paragraph\">Team Haverkate kann bei personalisierten Immobiliensuchen helfen, sei es, dass Sie nach einem architektonischen Juwel im Immobilienmarkt von Punta Del Este suchen oder nach Strandh\u00e4usern, Fincas, Estancias oder Grundst\u00fccken zum Bau Ihres Traumhauses in Jose Ignacio, Garzon, Manantiales oder La Barra, einer Stadtimmobilie in Montevideo oder gro\u00dfen L\u00e4ndereien im Landesinneren. Jedes Element des Prozesses wird mit gro\u00dfer Sorgfalt und Geschick betreut, stets im Hinblick auf Ihr bestes Interesse. <\/p>\n\n<p class=\"wp-block-paragraph\">Team Haverkate hat viele Transaktionen mit einzigartigen Immobilien, historischen Geb\u00e4uden, einkommenserzeugenden Farmen und Grundst\u00fccken, Ferienh\u00e4usern an der K\u00fcste, Penth\u00e4usern und Apartments durchgef\u00fchrt. Sie verstehen die Vorgehensweise, sind geschickte Verhandlungsf\u00fchrer und kennen die vertraglichen Anforderungen hier in Uruguay, die Sie w\u00e4hrend des gesamten Prozesses sch\u00fctzen werden. Team Haverkate arbeitet mit Engel &amp; V\u00f6lkers zusammen, einem in Uruguay registrierten internationalen Immobilienunternehmen, sodass sie Ihnen den Vorteil ihrer Erfahrungen aus erster Hand und ihres Wissens \u00fcber den lokalen Immobilienmarkt bieten k\u00f6nnen.  <\/p>\n\n<div class=\"wp-block-group heading-line\"><div class=\"wp-block-group__inner-container is-layout-flow wp-block-group-is-layout-flow\">\n<div class=\"wp-block-group uk-container uk-container-xlarge\"><div class=\"wp-block-group__inner-container is-layout-flow wp-block-group-is-layout-flow\">\n<h3 class=\"wp-block-heading\" id=\"h-team-mission\"><strong><meta charset=\"utf-8\"\/>Teammission<\/strong><\/h3>\n<\/div><\/div>\n<\/div><\/div>\n\n<p class=\"wp-block-paragraph\">Ein Zuhause ist nicht nur ein Wohnsitz, sondern auch Ausdruck der Vision und des Lebensstils des Eigent\u00fcmers. Team Haverkate versteht dies und seine Expertise liegt darin, jede einzigartige Immobilie mit dem richtigen K\u00e4ufer zusammenzubringen.<\/p>\n\n<p class=\"wp-block-paragraph\">Team Haverkate ist stolz darauf, einer internationalen Klientel die pers\u00f6nliche Aufmerksamkeit und das Serviceniveau zu bieten, die sie ben\u00f6tigen, um eine wichtige Entscheidung wie den Kauf eines Hauses im Ausland zu treffen. Verlassen Sie sich auf einen professionellen Partner mit Erfahrung, der Ihren Bed\u00fcrfnissen zuh\u00f6rt, Ihre Sprache spricht, die richtigen Fragen stellt, ehrliche Antworten gibt und bei jedem Schritt Ihre Interessen im Auge beh\u00e4lt.<\/p>\n\n<p class=\"wp-block-paragraph\">Ralph und Bettina genie\u00dfen es, neue Menschen aus der ganzen Welt kennenzulernen und lieben die Interaktion mit Kunden, von denen viele zu Freunden werden.<\/p>\n\n<p class=\"wp-block-paragraph\">Bettina und Ralph haben auch ein umfangreiches Netzwerk mit Fachleuten aus verschiedenen Bereichen aufgebaut, um internationalen K\u00e4ufern zu helfen, sich problemlos in Uruguay niederzulassen.<\/p>\n","protected":false},"excerpt":{"rendered":"<p>Leidenschaft f\u00fcr Immobilien, Architektur, Kunst und Design \u2013 Reputation f\u00fcr Service. Lernen Sie unsere Agenten Bettina und Ralph vom Team Haverkate kennen, die sich auf Immobilien in Uruguay spezialisiert haben&#8230;<\/p>\n","protected":false},"author":3,"featured_media":28236,"parent":0,"menu_order":0,"comment_status":"closed","ping_status":"closed","template":"templates\/tpl-about.php","meta":{"_yoast_wpseo_title":"Unsere Agenten bei Team Haverkate bei Engel und V\u00f6lkers","_yoast_wpseo_metadesc":"Unsere Agenten des Team Haverkate bei Engel & V\u00f6lkers sind erfahrene K\u00e4uferagenten und spezialisiert auf Immobilien in Uruguay f\u00fcr internationale K\u00e4ufer.","_eb_attr":"","_crdt_document":"","footnotes":""},"class_list":["post-47334","page","type-page","status-publish","has-post-thumbnail","hentry"],"listing_owner_name":null,"property_bbq_parrilla":null,"_yoast_wpseo_metadesc":"Unsere Agenten des Team Haverkate bei Engel & V\u00f6lkers sind erfahrene K\u00e4uferagenten und spezialisiert auf Immobilien in Uruguay f\u00fcr internationale K\u00e4ufer.","_yoast_wpseo_title":"Unsere Agenten bei Team Haverkate bei Engel und V\u00f6lkers","listing_gallery":null,"property_address_coordinates":null,"property_address_country":null,"property_address_display":null,"property_address_postal_code":null,"property_address_state":null,"property_address_street":null,"property_address_street_number":null,"property_address_suburb":null,"property_authority":null,"property_building_area":null,"property_building_area_unit":null,"property_land_area":null,"property_land_area_unit":null,"property_list_date":null,"property_price":null,"property_price_display":null,"property_price_view":null,"property_status":null,"property_unique_id":null,"property_air_conditioning":null,"property_balcony":null,"property_bathrooms":null,"property_bedrooms":null,"property_carport":null,"property_garage":null,"property_gym":null,"property_open_fire_place":null,"property_pool":null,"property_security_system":null,"property_tennis_court":null,"yoast_head":"<!-- This site is optimized with the Yoast SEO Premium plugin v26.6 (Yoast SEO v27.5) - https:\/\/yoast.com\/product\/yoast-seo-premium-wordpress\/ -->\n<title>Unsere Agenten bei Team Haverkate bei Engel und V\u00f6lkers<\/title>\n<meta name=\"description\" content=\"Unsere Agenten des Team Haverkate bei Engel &amp; V\u00f6lkers sind erfahrene K\u00e4uferagenten und spezialisiert auf Immobilien in Uruguay f\u00fcr internationale K\u00e4ufer.\" \/>\n<meta name=\"robots\" content=\"index, follow, max-snippet:-1, max-image-preview:large, max-video-preview:-1\" \/>\n<link rel=\"canonical\" href=\"https:\/\/www.realestate-in-uruguay.com\/de\/unsere-makler-vom-team-haverkate\/\" \/>\n<meta property=\"og:locale\" content=\"de_DE\" \/>\n<meta property=\"og:type\" content=\"article\" \/>\n<meta property=\"og:title\" content=\"Unsere Agenten bei Team Haverkate bei Engel und V\u00f6lkers\" \/>\n<meta property=\"og:description\" content=\"Unsere Agenten des Team Haverkate bei Engel &amp; V\u00f6lkers sind erfahrene K\u00e4uferagenten und spezialisiert auf Immobilien in Uruguay f\u00fcr internationale K\u00e4ufer.\" \/>\n<meta property=\"og:url\" content=\"https:\/\/www.realestate-in-uruguay.com\/de\/unsere-makler-vom-team-haverkate\/\" \/>\n<meta property=\"og:site_name\" content=\"Real Estate in Uruguay\" \/>\n<meta property=\"article:publisher\" content=\"http:\/\/www.facebook.com\/ralph.haverkate\" \/>\n<meta property=\"article:modified_time\" content=\"2025-06-09T19:11:09+00:00\" \/>\n<meta property=\"og:image\" content=\"https:\/\/www.realestate-in-uruguay.com\/wp-content\/uploads\/2021\/10\/TH-Photo-for-Website-1024x727.png\" \/>\n\t<meta property=\"og:image:width\" content=\"1024\" \/>\n\t<meta property=\"og:image:height\" content=\"727\" \/>\n\t<meta property=\"og:image:type\" content=\"image\/png\" \/>\n<meta name=\"twitter:card\" content=\"summary_large_image\" \/>\n<meta name=\"twitter:site\" content=\"@rhaverkate\" \/>\n<meta name=\"twitter:label1\" content=\"Gesch\u00e4tzte Lesezeit\" \/>\n\t<meta name=\"twitter:data1\" content=\"3\u00a0Minuten\" \/>\n<script type=\"application\/ld+json\" class=\"yoast-schema-graph\">{\"@context\":\"https:\\\/\\\/schema.org\",\"@graph\":[{\"@type\":\"WebPage\",\"@id\":\"https:\\\/\\\/www.realestate-in-uruguay.com\\\/de\\\/unsere-makler-vom-team-haverkate\\\/\",\"url\":\"https:\\\/\\\/www.realestate-in-uruguay.com\\\/de\\\/unsere-makler-vom-team-haverkate\\\/\",\"name\":\"Unsere Agenten bei Team Haverkate bei Engel und V\u00f6lkers\",\"isPartOf\":{\"@id\":\"https:\\\/\\\/www.realestate-in-uruguay.com\\\/de\\\/#website\"},\"primaryImageOfPage\":{\"@id\":\"https:\\\/\\\/www.realestate-in-uruguay.com\\\/de\\\/unsere-makler-vom-team-haverkate\\\/#primaryimage\"},\"image\":{\"@id\":\"https:\\\/\\\/www.realestate-in-uruguay.com\\\/de\\\/unsere-makler-vom-team-haverkate\\\/#primaryimage\"},\"thumbnailUrl\":\"https:\\\/\\\/www.realestate-in-uruguay.com\\\/wp-content\\\/uploads\\\/2021\\\/10\\\/TH-Photo-for-Website.png\",\"datePublished\":\"2021-10-16T05:31:45+00:00\",\"dateModified\":\"2025-06-09T19:11:09+00:00\",\"description\":\"Unsere Agenten des Team Haverkate bei Engel & V\u00f6lkers sind erfahrene K\u00e4uferagenten und spezialisiert auf Immobilien in Uruguay f\u00fcr internationale K\u00e4ufer.\",\"breadcrumb\":{\"@id\":\"https:\\\/\\\/www.realestate-in-uruguay.com\\\/de\\\/unsere-makler-vom-team-haverkate\\\/#breadcrumb\"},\"inLanguage\":\"de\",\"potentialAction\":[{\"@type\":\"ReadAction\",\"target\":[\"https:\\\/\\\/www.realestate-in-uruguay.com\\\/de\\\/unsere-makler-vom-team-haverkate\\\/\"]}]},{\"@type\":\"ImageObject\",\"inLanguage\":\"de\",\"@id\":\"https:\\\/\\\/www.realestate-in-uruguay.com\\\/de\\\/unsere-makler-vom-team-haverkate\\\/#primaryimage\",\"url\":\"https:\\\/\\\/www.realestate-in-uruguay.com\\\/wp-content\\\/uploads\\\/2021\\\/10\\\/TH-Photo-for-Website.png\",\"contentUrl\":\"https:\\\/\\\/www.realestate-in-uruguay.com\\\/wp-content\\\/uploads\\\/2021\\\/10\\\/TH-Photo-for-Website.png\",\"width\":1747,\"height\":1240,\"caption\":\"Team Haverkate\"},{\"@type\":\"BreadcrumbList\",\"@id\":\"https:\\\/\\\/www.realestate-in-uruguay.com\\\/de\\\/unsere-makler-vom-team-haverkate\\\/#breadcrumb\",\"itemListElement\":[{\"@type\":\"ListItem\",\"position\":1,\"name\":\"Home\",\"item\":\"https:\\\/\\\/www.realestate-in-uruguay.com\\\/de\\\/\"},{\"@type\":\"ListItem\",\"position\":2,\"name\":\"Treffen Sie unsere Agenten bei Team Haverkate\"}]},{\"@type\":\"WebSite\",\"@id\":\"https:\\\/\\\/www.realestate-in-uruguay.com\\\/de\\\/#website\",\"url\":\"https:\\\/\\\/www.realestate-in-uruguay.com\\\/de\\\/\",\"name\":\"Real Estate in Uruguay\",\"description\":\"The Haverkate Team at Engel &amp; Volkers\",\"publisher\":{\"@id\":\"https:\\\/\\\/www.realestate-in-uruguay.com\\\/de\\\/#organization\"},\"alternateName\":\"Real Estate Uruguay\",\"potentialAction\":[{\"@type\":\"SearchAction\",\"target\":{\"@type\":\"EntryPoint\",\"urlTemplate\":\"https:\\\/\\\/www.realestate-in-uruguay.com\\\/de\\\/?s={search_term_string}\"},\"query-input\":{\"@type\":\"PropertyValueSpecification\",\"valueRequired\":true,\"valueName\":\"search_term_string\"}}],\"inLanguage\":\"de\"},{\"@type\":\"RealEstateAgent\",\"@id\":\"https:\\\/\\\/www.realestate-in-uruguay.com\\\/de\\\/#organization\",\"name\":\"Real Estate in Uruguay\",\"alternateName\":\"Team Haverkate\",\"url\":\"https:\\\/\\\/www.realestate-in-uruguay.com\\\/de\\\/\",\"logo\":{\"@type\":\"ImageObject\",\"inLanguage\":\"de\",\"@id\":\"https:\\\/\\\/www.realestate-in-uruguay.com\\\/de\\\/#\\\/schema\\\/logo\\\/image\\\/\",\"url\":\"https:\\\/\\\/www.realestate-in-uruguay.com\\\/wp-content\\\/uploads\\\/2023\\\/05\\\/Favicon-Team-Haverkate.jpg\",\"contentUrl\":\"https:\\\/\\\/www.realestate-in-uruguay.com\\\/wp-content\\\/uploads\\\/2023\\\/05\\\/Favicon-Team-Haverkate.jpg\",\"width\":200,\"height\":200,\"caption\":\"Real Estate in Uruguay\"},\"image\":{\"@id\":\"https:\\\/\\\/www.realestate-in-uruguay.com\\\/de\\\/#\\\/schema\\\/logo\\\/image\\\/\"},\"sameAs\":[\"http:\\\/\\\/www.facebook.com\\\/ralph.haverkate\",\"https:\\\/\\\/x.com\\\/rhaverkate\",\"https:\\\/\\\/www.linkedin.com\\\/in\\\/ralphhaverkate\",\"http:\\\/\\\/pinterest.com\\\/uruguaymodern\\\/\"],\"telephone\":\"+598 94 299 200\",\"email\":\"bettina@realestate-in-uruguay.com\",\"priceRange\":\"$$$\",\"address\":{\"@type\":\"PostalAddress\",\"streetAddress\":\"Ruta 10, KM161, Esquina Las Brisas\",\"addressLocality\":\"La Barra\",\"addressRegion\":\"Maldonado\",\"postalCode\":\"20001\",\"addressCountry\":\"UY\"}}]}<\/script>\n<!-- \/ Yoast SEO Premium plugin. -->","yoast_head_json":{"title":"Unsere Agenten bei Team Haverkate bei Engel und V\u00f6lkers","description":"Unsere Agenten des Team Haverkate bei Engel & V\u00f6lkers sind erfahrene K\u00e4uferagenten und spezialisiert auf Immobilien in Uruguay f\u00fcr internationale K\u00e4ufer.","robots":{"index":"index","follow":"follow","max-snippet":"max-snippet:-1","max-image-preview":"max-image-preview:large","max-video-preview":"max-video-preview:-1"},"canonical":"https:\/\/www.realestate-in-uruguay.com\/de\/unsere-makler-vom-team-haverkate\/","og_locale":"de_DE","og_type":"article","og_title":"Unsere Agenten bei Team Haverkate bei Engel und V\u00f6lkers","og_description":"Unsere Agenten des Team Haverkate bei Engel & V\u00f6lkers sind erfahrene K\u00e4uferagenten und spezialisiert auf Immobilien in Uruguay f\u00fcr internationale K\u00e4ufer.","og_url":"https:\/\/www.realestate-in-uruguay.com\/de\/unsere-makler-vom-team-haverkate\/","og_site_name":"Real Estate in Uruguay","article_publisher":"http:\/\/www.facebook.com\/ralph.haverkate","article_modified_time":"2025-06-09T19:11:09+00:00","og_image":[{"width":1024,"height":727,"url":"https:\/\/www.realestate-in-uruguay.com\/wp-content\/uploads\/2021\/10\/TH-Photo-for-Website-1024x727.png","type":"image\/png"}],"twitter_card":"summary_large_image","twitter_site":"@rhaverkate","twitter_misc":{"Gesch\u00e4tzte Lesezeit":"3\u00a0Minuten"},"schema":{"@context":"https:\/\/schema.org","@graph":[{"@type":"WebPage","@id":"https:\/\/www.realestate-in-uruguay.com\/de\/unsere-makler-vom-team-haverkate\/","url":"https:\/\/www.realestate-in-uruguay.com\/de\/unsere-makler-vom-team-haverkate\/","name":"Unsere Agenten bei Team Haverkate bei Engel und V\u00f6lkers","isPartOf":{"@id":"https:\/\/www.realestate-in-uruguay.com\/de\/#website"},"primaryImageOfPage":{"@id":"https:\/\/www.realestate-in-uruguay.com\/de\/unsere-makler-vom-team-haverkate\/#primaryimage"},"image":{"@id":"https:\/\/www.realestate-in-uruguay.com\/de\/unsere-makler-vom-team-haverkate\/#primaryimage"},"thumbnailUrl":"https:\/\/www.realestate-in-uruguay.com\/wp-content\/uploads\/2021\/10\/TH-Photo-for-Website.png","datePublished":"2021-10-16T05:31:45+00:00","dateModified":"2025-06-09T19:11:09+00:00","description":"Unsere Agenten des Team Haverkate bei Engel & V\u00f6lkers sind erfahrene K\u00e4uferagenten und spezialisiert auf Immobilien in Uruguay f\u00fcr internationale K\u00e4ufer.","breadcrumb":{"@id":"https:\/\/www.realestate-in-uruguay.com\/de\/unsere-makler-vom-team-haverkate\/#breadcrumb"},"inLanguage":"de","potentialAction":[{"@type":"ReadAction","target":["https:\/\/www.realestate-in-uruguay.com\/de\/unsere-makler-vom-team-haverkate\/"]}]},{"@type":"ImageObject","inLanguage":"de","@id":"https:\/\/www.realestate-in-uruguay.com\/de\/unsere-makler-vom-team-haverkate\/#primaryimage","url":"https:\/\/www.realestate-in-uruguay.com\/wp-content\/uploads\/2021\/10\/TH-Photo-for-Website.png","contentUrl":"https:\/\/www.realestate-in-uruguay.com\/wp-content\/uploads\/2021\/10\/TH-Photo-for-Website.png","width":1747,"height":1240,"caption":"Team Haverkate"},{"@type":"BreadcrumbList","@id":"https:\/\/www.realestate-in-uruguay.com\/de\/unsere-makler-vom-team-haverkate\/#breadcrumb","itemListElement":[{"@type":"ListItem","position":1,"name":"Home","item":"https:\/\/www.realestate-in-uruguay.com\/de\/"},{"@type":"ListItem","position":2,"name":"Treffen Sie unsere Agenten bei Team Haverkate"}]},{"@type":"WebSite","@id":"https:\/\/www.realestate-in-uruguay.com\/de\/#website","url":"https:\/\/www.realestate-in-uruguay.com\/de\/","name":"Real Estate in Uruguay","description":"The Haverkate Team at Engel &amp; Volkers","publisher":{"@id":"https:\/\/www.realestate-in-uruguay.com\/de\/#organization"},"alternateName":"Real Estate Uruguay","potentialAction":[{"@type":"SearchAction","target":{"@type":"EntryPoint","urlTemplate":"https:\/\/www.realestate-in-uruguay.com\/de\/?s={search_term_string}"},"query-input":{"@type":"PropertyValueSpecification","valueRequired":true,"valueName":"search_term_string"}}],"inLanguage":"de"},{"@type":"RealEstateAgent","@id":"https:\/\/www.realestate-in-uruguay.com\/de\/#organization","name":"Real Estate in Uruguay","alternateName":"Team Haverkate","url":"https:\/\/www.realestate-in-uruguay.com\/de\/","logo":{"@type":"ImageObject","inLanguage":"de","@id":"https:\/\/www.realestate-in-uruguay.com\/de\/#\/schema\/logo\/image\/","url":"https:\/\/www.realestate-in-uruguay.com\/wp-content\/uploads\/2023\/05\/Favicon-Team-Haverkate.jpg","contentUrl":"https:\/\/www.realestate-in-uruguay.com\/wp-content\/uploads\/2023\/05\/Favicon-Team-Haverkate.jpg","width":200,"height":200,"caption":"Real Estate in Uruguay"},"image":{"@id":"https:\/\/www.realestate-in-uruguay.com\/de\/#\/schema\/logo\/image\/"},"sameAs":["http:\/\/www.facebook.com\/ralph.haverkate","https:\/\/x.com\/rhaverkate","https:\/\/www.linkedin.com\/in\/ralphhaverkate","http:\/\/pinterest.com\/uruguaymodern\/"],"telephone":"+598 94 299 200","email":"bettina@realestate-in-uruguay.com","priceRange":"$$$","address":{"@type":"PostalAddress","streetAddress":"Ruta 10, KM161, Esquina Las Brisas","addressLocality":"La Barra","addressRegion":"Maldonado","postalCode":"20001","addressCountry":"UY"}}]}},"jetpack_sharing_enabled":true,"_links":{"self":[{"href":"https:\/\/www.realestate-in-uruguay.com\/de\/wp-json\/wp\/v2\/pages\/47334","targetHints":{"allow":["GET"]}}],"collection":[{"href":"https:\/\/www.realestate-in-uruguay.com\/de\/wp-json\/wp\/v2\/pages"}],"about":[{"href":"https:\/\/www.realestate-in-uruguay.com\/de\/wp-json\/wp\/v2\/types\/page"}],"author":[{"embeddable":true,"href":"https:\/\/www.realestate-in-uruguay.com\/de\/wp-json\/wp\/v2\/users\/3"}],"replies":[{"embeddable":true,"href":"https:\/\/www.realestate-in-uruguay.com\/de\/wp-json\/wp\/v2\/comments?post=47334"}],"version-history":[{"count":0,"href":"https:\/\/www.realestate-in-uruguay.com\/de\/wp-json\/wp\/v2\/pages\/47334\/revisions"}],"wp:featuredmedia":[{"embeddable":true,"href":"https:\/\/www.realestate-in-uruguay.com\/de\/wp-json\/wp\/v2\/media\/28236"}],"wp:attachment":[{"href":"https:\/\/www.realestate-in-uruguay.com\/de\/wp-json\/wp\/v2\/media?parent=47334"}],"curies":[{"name":"wp","href":"https:\/\/api.w.org\/{rel}","templated":true}]}}